{"id":138,"date":"2024-03-04T09:19:24","date_gmt":"2024-03-04T09:19:24","guid":{"rendered":"http:\/\/localhost\/patio\/?page_id=138"},"modified":"2024-03-07T16:10:58","modified_gmt":"2024-03-07T15:10:58","slug":"sobre","status":"publish","type":"page","link":"https:\/\/patioluanda.co.ao\/sobre\/","title":{"rendered":"Sobre"},"content":{"rendered":"\t\t<div data-elementor-type=\"wp-page\" data-elementor-id=\"138\" class=\"elementor elementor-138\" data-elementor-post-type=\"page\">\n\t\t\t\t<div class=\"elementor-element elementor-element-cecc732 e-flex e-con-boxed e-con e-parent\" data-id=\"cecc732\" data-element_type=\"container\" data-settings=\"{&quot;background_background&quot;:&quot;classic&quot;}\">\n\t\t\t\t\t<div class=\"e-con-inner\">\n\t\t\t\t<div class=\"elementor-element elementor-element-4d96c49 elementor-widget elementor-widget-heading\" data-id=\"4d96c49\" data-element_type=\"widget\" data-widget_type=\"heading.default\">\n\t\t\t\t<div class=\"elementor-widget-container\">\n\t\t\t<style>\/*! elementor - v3.22.0 - 26-06-2024 *\/\n.elementor-heading-title{padding:0;margin:0;line-height:1}.elementor-widget-heading .elementor-heading-title[class*=elementor-size-]>a{color:inherit;font-size:inherit;line-height:inherit}.elementor-widget-heading .elementor-heading-title.elementor-size-small{font-size:15px}.elementor-widget-heading .elementor-heading-title.elementor-size-medium{font-size:19px}.elementor-widget-heading .elementor-heading-title.elementor-size-large{font-size:29px}.elementor-widget-heading .elementor-heading-title.elementor-size-xl{font-size:39px}.elementor-widget-heading .elementor-heading-title.elementor-size-xxl{font-size:59px}<\/style><h2 class=\"elementor-heading-title elementor-size-default\">Sobre N\u00f3s<\/h2>\t\t<\/div>\n\t\t\t\t<\/div>\n\t\t\t\t\t<\/div>\n\t\t\t\t<\/div>\n\t\t<div class=\"elementor-element elementor-element-d03bf8f e-flex e-con-boxed e-con e-parent\" data-id=\"d03bf8f\" data-element_type=\"container\" data-settings=\"{&quot;background_background&quot;:&quot;classic&quot;}\">\n\t\t\t\t\t<div class=\"e-con-inner\">\n\t\t\t\t<div class=\"elementor-element elementor-element-7232ab2 elementor-widget elementor-widget-heading\" data-id=\"7232ab2\" data-element_type=\"widget\" data-widget_type=\"heading.default\">\n\t\t\t\t<div class=\"elementor-widget-container\">\n\t\t\t<h2 class=\"elementor-heading-title elementor-size-default\">Nossa Hist\u00f3ria<\/h2>\t\t<\/div>\n\t\t\t\t<\/div>\n\t\t\t\t<div class=\"elementor-element elementor-element-95db984 elementor-widget elementor-widget-text-editor\" data-id=\"95db984\" data-element_type=\"widget\" data-widget_type=\"text-editor.default\">\n\t\t\t\t<div class=\"elementor-widget-container\">\n\t\t\t<style>\/*! elementor - v3.22.0 - 26-06-2024 *\/\n.elementor-widget-text-editor.elementor-drop-cap-view-stacked .elementor-drop-cap{background-color:#69727d;color:#fff}.elementor-widget-text-editor.elementor-drop-cap-view-framed .elementor-drop-cap{color:#69727d;border:3px solid;background-color:transparent}.elementor-widget-text-editor:not(.elementor-drop-cap-view-default) .elementor-drop-cap{margin-top:8px}.elementor-widget-text-editor:not(.elementor-drop-cap-view-default) .elementor-drop-cap-letter{width:1em;height:1em}.elementor-widget-text-editor .elementor-drop-cap{float:left;text-align:center;line-height:1;font-size:50px}.elementor-widget-text-editor .elementor-drop-cap-letter{display:inline-block}<\/style>\t\t\t\t<p><span style=\"font-weight: 400;\">10 anos de hist\u00f3ria de um projecto criado para suprir as necessidades de servi\u00e7os diversificados na zona sul de Luanda.\u00a0<\/span><\/p><p><span style=\"font-weight: 400;\">Complexo hoteleiro com multi-servi\u00e7os compostos por: petiscaria, cafe, restaurante, showroom, sal\u00e3o de eventos, espa\u00e7o de recreio infantil e guesthouse, salas de forma\u00e7\u00e3o, com estacionamento privado localizado no Morro Bento.\u00a0<\/span><\/p><p><span style=\"font-weight: 400;\">Fora do complexo, na baixa da cidade a extens\u00e3o do conceito com o Restaurante Patio Mutamba.<\/span><\/p>\t\t\t\t\t\t<\/div>\n\t\t\t\t<\/div>\n\t\t<div class=\"elementor-element elementor-element-741a785 e-grid e-con-boxed e-con e-child\" data-id=\"741a785\" data-element_type=\"container\">\n\t\t\t\t\t<div class=\"e-con-inner\">\n\t\t<div class=\"elementor-element elementor-element-eb6d90f e-flex e-con-boxed e-con e-child\" data-id=\"eb6d90f\" data-element_type=\"container\">\n\t\t\t\t\t<div class=\"e-con-inner\">\n\t\t\t\t<div class=\"elementor-element elementor-element-9686788 elementor-widget elementor-widget-heading\" data-id=\"9686788\" data-element_type=\"widget\" data-widget_type=\"heading.default\">\n\t\t\t\t<div class=\"elementor-widget-container\">\n\t\t\t<h2 class=\"elementor-heading-title elementor-size-default\">Sector, atividade, n\u00famero de empregados.<br><br><\/h2>\t\t<\/div>\n\t\t\t\t<\/div>\n\t\t\t\t<div class=\"elementor-element elementor-element-ab99355 elementor-widget elementor-widget-text-editor\" data-id=\"ab99355\" data-element_type=\"widget\" data-widget_type=\"text-editor.default\">\n\t\t\t\t<div class=\"elementor-widget-container\">\n\t\t\t\t\t\t\t<p><span style=\"font-weight: 400;\">Sector de hotelaria, restaura\u00e7\u00e3o e presta\u00e7\u00e3o de servi\u00e7os, com 85 funcion\u00e1rios.<\/span><\/p>\t\t\t\t\t\t<\/div>\n\t\t\t\t<\/div>\n\t\t\t\t\t<\/div>\n\t\t\t\t<\/div>\n\t\t<div class=\"elementor-element elementor-element-93ed0d3 e-flex e-con-boxed e-con e-child\" data-id=\"93ed0d3\" data-element_type=\"container\">\n\t\t\t\t\t<div class=\"e-con-inner\">\n\t\t\t\t<div class=\"elementor-element elementor-element-4fc080a elementor-widget elementor-widget-heading\" data-id=\"4fc080a\" data-element_type=\"widget\" data-widget_type=\"heading.default\">\n\t\t\t\t<div class=\"elementor-widget-container\">\n\t\t\t<h2 class=\"elementor-heading-title elementor-size-default\">Por que raz\u00e3o iniciaram este projeto?\n<br><br><\/h2>\t\t<\/div>\n\t\t\t\t<\/div>\n\t\t\t\t<div class=\"elementor-element elementor-element-bd6ac6c elementor-widget elementor-widget-text-editor\" data-id=\"bd6ac6c\" data-element_type=\"widget\" data-widget_type=\"text-editor.default\">\n\t\t\t\t<div class=\"elementor-widget-container\">\n\t\t\t\t\t\t\t<p><span style=\"font-weight: 400;\">A ades\u00e3o veio para conquistar um maior controlo das diversas actividades internas e externas das diferentes empresas do grupo, com destaque para a gest\u00e3o de fornecedores, recursos humanos, gest\u00e3o de frota, controlo de finan\u00e7as, comunica\u00e7\u00e3o e marketing.<\/span><\/p>\t\t\t\t\t\t<\/div>\n\t\t\t\t<\/div>\n\t\t\t\t\t<\/div>\n\t\t\t\t<\/div>\n\t\t<div class=\"elementor-element elementor-element-ad39039 e-flex e-con-boxed e-con e-child\" data-id=\"ad39039\" data-element_type=\"container\">\n\t\t\t\t\t<div class=\"e-con-inner\">\n\t\t\t\t<div class=\"elementor-element elementor-element-72ee36c elementor-widget elementor-widget-heading\" data-id=\"72ee36c\" data-element_type=\"widget\" data-widget_type=\"heading.default\">\n\t\t\t\t<div class=\"elementor-widget-container\">\n\t\t\t<h2 class=\"elementor-heading-title elementor-size-default\">Quais eram os pontos de bloqueio na situa\u00e7\u00e3o anterior?<\/h2>\t\t<\/div>\n\t\t\t\t<\/div>\n\t\t\t\t<div class=\"elementor-element elementor-element-7310fba elementor-widget elementor-widget-text-editor\" data-id=\"7310fba\" data-element_type=\"widget\" data-widget_type=\"text-editor.default\">\n\t\t\t\t<div class=\"elementor-widget-container\">\n\t\t\t\t\t\t\t<p><span style=\"font-weight: 400;\">O bloqueio estava na gest\u00e3o das \u00e1reas acima mencionadas onde por vezes a falta de comunica\u00e7\u00e3o ou partilha de dados criava constrangimentos, al\u00e9m da morosidade no fecho dos temas.\u00a0<\/span><\/p>\t\t\t\t\t\t<\/div>\n\t\t\t\t<\/div>\n\t\t\t\t\t<\/div>\n\t\t\t\t<\/div>\n\t\t\t\t\t<\/div>\n\t\t\t\t<\/div>\n\t\t<div class=\"elementor-element elementor-element-2477d78 e-grid e-con-boxed e-con e-child\" data-id=\"2477d78\" data-element_type=\"container\">\n\t\t\t\t\t<div class=\"e-con-inner\">\n\t\t<div class=\"elementor-element elementor-element-ed5cb2b e-flex e-con-boxed e-con e-child\" data-id=\"ed5cb2b\" data-element_type=\"container\">\n\t\t\t\t\t<div class=\"e-con-inner\">\n\t\t\t\t<div class=\"elementor-element elementor-element-9cc3faa elementor-widget elementor-widget-heading\" data-id=\"9cc3faa\" data-element_type=\"widget\" data-widget_type=\"heading.default\">\n\t\t\t\t<div class=\"elementor-widget-container\">\n\t\t\t<h2 class=\"elementor-heading-title elementor-size-default\">Qual \u00e9 o \u00e2mbito das aplica\u00e7\u00f5es utilizadas?\n<br><br><\/h2>\t\t<\/div>\n\t\t\t\t<\/div>\n\t\t\t\t<div class=\"elementor-element elementor-element-e2762f2 elementor-widget elementor-widget-text-editor\" data-id=\"e2762f2\" data-element_type=\"widget\" data-widget_type=\"text-editor.default\">\n\t\t\t\t<div class=\"elementor-widget-container\">\n\t\t\t\t\t\t\t<p><span style=\"font-weight: 400;\">Busca por servi\u00e7os integrados e facilitadores.\u00a0<\/span><\/p>\t\t\t\t\t\t<\/div>\n\t\t\t\t<\/div>\n\t\t\t\t\t<\/div>\n\t\t\t\t<\/div>\n\t\t<div class=\"elementor-element elementor-element-46f9b07 e-flex e-con-boxed e-con e-child\" data-id=\"46f9b07\" data-element_type=\"container\">\n\t\t\t\t\t<div class=\"e-con-inner\">\n\t\t\t\t<div class=\"elementor-element elementor-element-a046be0 elementor-widget elementor-widget-heading\" data-id=\"a046be0\" data-element_type=\"widget\" data-widget_type=\"heading.default\">\n\t\t\t\t<div class=\"elementor-widget-container\">\n\t\t\t<h2 class=\"elementor-heading-title elementor-size-default\">Quais foram os obst\u00e1culos encontrados, bem como os benef\u00edcios resultantes do projeto?\n<br><br><\/h2>\t\t<\/div>\n\t\t\t\t<\/div>\n\t\t\t\t<div class=\"elementor-element elementor-element-9ee200f elementor-widget elementor-widget-text-editor\" data-id=\"9ee200f\" data-element_type=\"widget\" data-widget_type=\"text-editor.default\">\n\t\t\t\t<div class=\"elementor-widget-container\">\n\t\t\t\t\t\t\t<p><span style=\"font-weight: 400;\">Levantamento das necessidades principais e identifica\u00e7\u00e3o de lacunas na gest\u00e3o e controlo.\u00a0<\/span><\/p>\t\t\t\t\t\t<\/div>\n\t\t\t\t<\/div>\n\t\t\t\t\t<\/div>\n\t\t\t\t<\/div>\n\t\t<div class=\"elementor-element elementor-element-148b8c5 e-flex e-con-boxed e-con e-child\" data-id=\"148b8c5\" data-element_type=\"container\">\n\t\t\t\t\t<div class=\"e-con-inner\">\n\t\t\t\t<div class=\"elementor-element elementor-element-32ac8d7 elementor-widget elementor-widget-heading\" data-id=\"32ac8d7\" data-element_type=\"widget\" data-widget_type=\"heading.default\">\n\t\t\t\t<div class=\"elementor-widget-container\">\n\t\t\t<h2 class=\"elementor-heading-title elementor-size-default\"> Quais foram as principais etapas do projeto de implementa\u00e7\u00e3o?\n<br><br><\/h2>\t\t<\/div>\n\t\t\t\t<\/div>\n\t\t\t\t<div class=\"elementor-element elementor-element-2c82641 elementor-widget elementor-widget-text-editor\" data-id=\"2c82641\" data-element_type=\"widget\" data-widget_type=\"text-editor.default\">\n\t\t\t\t<div class=\"elementor-widget-container\">\n\t\t\t\t\t\t\t<p><span style=\"font-weight: 400;\">N\u00e3o foi um obst\u00e1culo, mas apenas uma demanda de trabalho na inser\u00e7\u00e3o de todos os dados e fazer a gest\u00e3o dos espa\u00e7os que estavam em funcionamento.\u00a0<\/span><\/p><p><span style=\"font-weight: 400;\">Com a implementa\u00e7\u00e3o \u00e9 not\u00f3rio n\u00e3o s\u00f3 um maior controlo como a praticidade na gest\u00e3o dos diversos temas.\u00a0<\/span><\/p>\t\t\t\t\t\t<\/div>\n\t\t\t\t<\/div>\n\t\t\t\t\t<\/div>\n\t\t\t\t<\/div>\n\t\t\t\t\t<\/div>\n\t\t\t\t<\/div>\n\t\t\t\t\t<\/div>\n\t\t\t\t<\/div>\n\t\t<div class=\"elementor-element elementor-element-f117dc7 e-con-full e-flex e-con e-parent\" data-id=\"f117dc7\" data-element_type=\"container\">\n\t\t\t\t<div class=\"elementor-element elementor-element-942fa4e elementor-widget elementor-widget-html\" data-id=\"942fa4e\" data-element_type=\"widget\" data-widget_type=\"html.default\">\n\t\t\t\t<div class=\"elementor-widget-container\">\n\t\t\t<iframe src=\"https:\/\/www.google.com\/maps\/embed?pb=!1m18!1m12!1m3!1d3941.732726290824!2d13.185222075017435!3d-8.904421491152027!2m3!1f0!2f0!3f0!3m2!1i1024!2i768!4f13.1!3m3!1m2!1s0x1a51f4d97dc3aef3%3A0x72c3e74d45a676a8!2sP%C3%A1tio%20Luanda!5e0!3m2!1spt-PT!2sao!4v1709469617615!5m2!1spt-PT!2sao\" width=\"600\" height=\"450\" style=\"border:0;\" allowfullscreen=\"\" loading=\"lazy\" referrerpolicy=\"no-referrer-when-downgrade\"><\/iframe>\t\t<\/div>\n\t\t\t\t<\/div>\n\t\t\t\t<\/div>\n\t\t\t\t<\/div>\n\t\t","protected":false},"excerpt":{"rendered":"<p>Sobre N\u00f3s Nossa Hist\u00f3ria 10 anos de hist\u00f3ria de um projecto criado para suprir as necessidades de servi\u00e7os diversificados na zona sul de Luanda.\u00a0 Complexo hoteleiro com multi-servi\u00e7os compostos por: petiscaria, cafe, restaurante, showroom, sal\u00e3o de eventos, espa\u00e7o de recreio infantil e guesthouse, salas de forma\u00e7\u00e3o, com estacionamento privado localizado no Morro Bento.\u00a0 Fora do [&hellip;]<\/p>\n","protected":false},"author":1,"featured_media":0,"parent":0,"menu_order":0,"comment_status":"closed","ping_status":"closed","template":"","meta":{"footnotes":""},"_links":{"self":[{"href":"https:\/\/patioluanda.co.ao\/wp-json\/wp\/v2\/pages\/138"}],"collection":[{"href":"https:\/\/patioluanda.co.ao\/wp-json\/wp\/v2\/pages"}],"about":[{"href":"https:\/\/patioluanda.co.ao\/wp-json\/wp\/v2\/types\/page"}],"author":[{"embeddable":true,"href":"https:\/\/patioluanda.co.ao\/wp-json\/wp\/v2\/users\/1"}],"replies":[{"embeddable":true,"href":"https:\/\/patioluanda.co.ao\/wp-json\/wp\/v2\/comments?post=138"}],"version-history":[{"count":16,"href":"https:\/\/patioluanda.co.ao\/wp-json\/wp\/v2\/pages\/138\/revisions"}],"predecessor-version":[{"id":184,"href":"https:\/\/patioluanda.co.ao\/wp-json\/wp\/v2\/pages\/138\/revisions\/184"}],"wp:attachment":[{"href":"https:\/\/patioluanda.co.ao\/wp-json\/wp\/v2\/media?parent=138"}],"curies":[{"name":"wp","href":"https:\/\/api.w.org\/{rel}","templated":true}]}}